{"id":50,"date":"2020-02-24T10:15:44","date_gmt":"2020-02-24T10:15:44","guid":{"rendered":"http:\/\/www.htgservices.nl\/?page_id=50"},"modified":"2021-05-19T08:14:37","modified_gmt":"2021-05-19T08:14:37","slug":"tour-keukenhof","status":"publish","type":"page","link":"https:\/\/www.htgservices.nl\/de\/tour-keukenhof\/","title":{"rendered":"Keukenhof"},"content":{"rendered":"<h2 class=\"has-luminous-vivid-orange-color has-text-color wp-block-heading\">Color your World<\/h2>\n\n\n\n<figure class=\"wp-block-gallery columns-3 is-cropped wp-block-gallery-1 is-layout-flex wp-block-gallery-is-layout-flex\"><ul class=\"blocks-gallery-grid\"><li class=\"blocks-gallery-item\"><figure><img decoding=\"async\" src=\"http:\/\/www.htgservices.nl\/wp-content\/uploads\/2021\/03\/Park-15-685x1024.jpg\" alt=\"\" data-id=\"611\" data-link=\"http:\/\/www.htgservices.nl\/tour-keukenhof\/park-15\/#main\" class=\"wp-image-611\"\/><\/figure><\/li><li class=\"blocks-gallery-item\"><figure><img decoding=\"async\" src=\"http:\/\/www.htgservices.nl\/wp-content\/uploads\/2021\/03\/20180420-DSC_0850-683x1024.jpg\" alt=\"\" data-id=\"612\" data-link=\"http:\/\/www.htgservices.nl\/tour-keukenhof\/20180420-dsc_0850\/#main\" class=\"wp-image-612\"\/><\/figure><\/li><li class=\"blocks-gallery-item\"><figure><img decoding=\"async\" src=\"http:\/\/www.htgservices.nl\/wp-content\/uploads\/2021\/03\/20180420-DSC_1265-683x1024.jpg\" alt=\"\" data-id=\"613\" data-full-url=\"http:\/\/www.htgservices.nl\/wp-content\/uploads\/2021\/03\/20180420-DSC_1265-scaled.jpg\" data-link=\"http:\/\/www.htgservices.nl\/tour-keukenhof\/20180420-dsc_1265\/#main\" class=\"wp-image-613\"\/><\/figure><\/li><\/ul><\/figure>\n\n\n\n<p>Vom vereinbarten Treffpunkt aus f\u00fchrt Sie unser Guide vorbei an den farbenpr\u00e4chtigen Tulpenfeldern zum Keukenhof, der vom 19. M\u00e4rz bis zum 8. Mai 2022 ge\u00f6ffnet ist. Nirgendwo sonst auf der Welt erwacht der Fr\u00fchling so farbenpr\u00e4chtig zum Leben wie in diesem riesigen Park. Der Keukenhof pr\u00e4sentiert Millionen von Tulpen, atemberaubende Blumenschauen, den gr\u00f6\u00dften Skulpturengarten der Niederlande und z\u00e4hlt zu den meistfotografierten Orten der Welt. Die Dauer der Tour richtet sich nach dem ben\u00f6tigten Aufenthalt im Keukenhof.<\/p>\n\n\n\n<p>Our tour guide will be happy to accompany you in the language you requested. See our terms and conditions for the languages we can provide.<\/p>\n\n\n\n<h2 class=\"has-luminous-vivid-orange-color has-text-color wp-block-heading\">Complete your program with one or more of our suggestions<\/h2>\n\n\n\n<ul class=\"wp-block-list\"><li>This is Holland, the ultimate 5D flight experience<\/li><li>Take a Canal Cruise<\/li><li>Combine our visit to the Keukenhof with Volendam or Zaanse Schans<\/li><\/ul>\n\n\n\n<div class=\"wp-block-button\"><a class=\"wp-block-button__link\" href=\"http:\/\/www.htgservices.nl\/de\/contact\/\">Request quotation<\/a><\/div>","protected":false},"excerpt":{"rendered":"<p>Color your World From the agreed meeting point our guide will take your group past the colourful fields towards the Keukenhof, open from March 19th until May 8th 2022. There is no place on earth where Spring comes alive as colourful as in this huge park. Keukenhof has millions of tulips on display, breathtaking flowershows,&hellip;&nbsp;<a href=\"https:\/\/www.htgservices.nl\/de\/tour-keukenhof\/\" class=\"\" rel=\"bookmark\">Weiterlesen &raquo;<span class=\"screen-reader-text\">Keukenhof<\/span><\/a><\/p>","protected":false},"author":3,"featured_media":0,"parent":0,"menu_order":0,"comment_status":"closed","ping_status":"closed","template":"","meta":{"_monsterinsights_skip_tracking":false,"_monsterinsights_sitenote_active":false,"_monsterinsights_sitenote_note":"","_monsterinsights_sitenote_category":0,"neve_meta_sidebar":"","neve_meta_container":"","neve_meta_enable_content_width":"","neve_meta_content_width":0,"neve_meta_title_alignment":"","neve_meta_author_avatar":"","neve_post_elements_order":"","neve_meta_disable_header":"","neve_meta_disable_footer":"","neve_meta_disable_title":"","footnotes":""},"class_list":["post-50","page","type-page","status-publish","hentry"],"_links":{"self":[{"href":"https:\/\/www.htgservices.nl\/de\/wp-json\/wp\/v2\/pages\/50","targetHints":{"allow":["GET"]}}],"collection":[{"href":"https:\/\/www.htgservices.nl\/de\/wp-json\/wp\/v2\/pages"}],"about":[{"href":"https:\/\/www.htgservices.nl\/de\/wp-json\/wp\/v2\/types\/page"}],"author":[{"embeddable":true,"href":"https:\/\/www.htgservices.nl\/de\/wp-json\/wp\/v2\/users\/3"}],"replies":[{"embeddable":true,"href":"https:\/\/www.htgservices.nl\/de\/wp-json\/wp\/v2\/comments?post=50"}],"version-history":[{"count":29,"href":"https:\/\/www.htgservices.nl\/de\/wp-json\/wp\/v2\/pages\/50\/revisions"}],"predecessor-version":[{"id":901,"href":"https:\/\/www.htgservices.nl\/de\/wp-json\/wp\/v2\/pages\/50\/revisions\/901"}],"wp:attachment":[{"href":"https:\/\/www.htgservices.nl\/de\/wp-json\/wp\/v2\/media?parent=50"}],"curies":[{"name":"wp","href":"https:\/\/api.w.org\/{rel}","templated":true}]}}