{"id":440,"date":"2020-06-09T10:33:18","date_gmt":"2020-06-09T10:33:18","guid":{"rendered":"http:\/\/www.htgservices.nl\/?page_id=440"},"modified":"2021-05-19T09:15:16","modified_gmt":"2021-05-19T09:15:16","slug":"maastricht","status":"publish","type":"page","link":"https:\/\/www.htgservices.nl\/de\/maastricht\/","title":{"rendered":"Maastricht"},"content":{"rendered":"<h2 class=\"has-luminous-vivid-orange-color has-text-color wp-block-heading\">Across the River Maas<\/h2>\n\n\n\n<figure class=\"wp-block-gallery columns-3 is-cropped wp-block-gallery-1 is-layout-flex wp-block-gallery-is-layout-flex\"><ul class=\"blocks-gallery-grid\"><li class=\"blocks-gallery-item\"><figure><img decoding=\"async\" src=\"http:\/\/www.htgservices.nl\/wp-content\/uploads\/2021\/03\/europe-2692565_1920-1024x683.jpg\" alt=\"\" data-id=\"596\" data-link=\"http:\/\/www.htgservices.nl\/maastricht\/europe-2692565_1920\/#main\" class=\"wp-image-596\"\/><\/figure><\/li><li class=\"blocks-gallery-item\"><figure><img decoding=\"async\" src=\"http:\/\/www.htgservices.nl\/wp-content\/uploads\/2021\/03\/maastricht-426122_1920-1024x768.jpg\" alt=\"\" data-id=\"608\" data-link=\"http:\/\/www.htgservices.nl\/maastricht\/maastricht-426122_1920\/#main\" class=\"wp-image-608\"\/><\/figure><\/li><li class=\"blocks-gallery-item\"><figure><img decoding=\"async\" src=\"http:\/\/www.htgservices.nl\/wp-content\/uploads\/2021\/03\/maastricht-4695370_1920-683x1024.jpg\" alt=\"\" data-id=\"609\" data-full-url=\"http:\/\/www.htgservices.nl\/wp-content\/uploads\/2021\/03\/maastricht-4695370_1920.jpg\" data-link=\"http:\/\/www.htgservices.nl\/maastricht\/maastricht-4695370_1920\/#main\" class=\"wp-image-609\"\/><\/figure><\/li><\/ul><\/figure>\n\n\n\n<p>Maastricht, eine der \u00e4ltesten St\u00e4dte der Niederlande, hat sich im Laufe der Jahrhunderte durch die Einfl\u00fcsse der R\u00f6mer, Deutschen und Franzosen zu einer lebendigen und vielschichtigen Kultur entwickelt. Diese reiche kulturelle Vielfalt ist das Geheimnis der Attraktivit\u00e4t der Stadt und lockt Besucher in die historische Altstadt mit ihren zahlreichen Museen und Festivals. Bei einem Stadtrundgang f\u00fchrt Sie unser Guide zu den sch\u00f6nsten Orten der Altstadt, darunter das Viertel Stokstraat, die Stadtmauer und der Vrijthof mit der monumentalen St.-Johannes-Kirche und der St.-Servatius-Basilika. <\/p>\n\n\n\n<p>Our tour guide will be happy to accompany you in the language you requested. See our terms and conditions for the languages we can provide.<\/p>\n\n\n\n<h2 class=\"has-luminous-vivid-orange-color has-text-color wp-block-heading\">Complete your program with one or more of our suggestions<\/h2>\n\n\n\n<ul class=\"wp-block-list\"><li>Visit to Maastricht Underground<\/li><li>Visit to Basilica of St. Servatius  <\/li><\/ul>\n\n\n\n<div class=\"wp-block-button\"><a class=\"wp-block-button__link\" href=\"http:\/\/www.htgservices.nl\/de\/contact\/\">Request quotation<\/a><\/div>","protected":false},"excerpt":{"rendered":"<p>Across the River Maas Maastricht, one of the oldest cities in the Netherlands, has ripened well with age with complex and lively cultural overtones added over centuries by the Romans, Germans and French. This rich cultural palette is the secret behind the city\u2019s attractiveness, drawing visitors to the historic city centre and a wealth of&hellip;&nbsp;<a href=\"https:\/\/www.htgservices.nl\/de\/maastricht\/\" class=\"\" rel=\"bookmark\">Weiterlesen &raquo;<span class=\"screen-reader-text\">Maastricht<\/span><\/a><\/p>","protected":false},"author":3,"featured_media":0,"parent":0,"menu_order":0,"comment_status":"closed","ping_status":"closed","template":"","meta":{"_monsterinsights_skip_tracking":false,"_monsterinsights_sitenote_active":false,"_monsterinsights_sitenote_note":"","_monsterinsights_sitenote_category":0,"neve_meta_sidebar":"","neve_meta_container":"","neve_meta_enable_content_width":"","neve_meta_content_width":0,"neve_meta_title_alignment":"","neve_meta_author_avatar":"","neve_post_elements_order":"","neve_meta_disable_header":"","neve_meta_disable_footer":"","neve_meta_disable_title":"","footnotes":""},"class_list":["post-440","page","type-page","status-publish","hentry"],"_links":{"self":[{"href":"https:\/\/www.htgservices.nl\/de\/wp-json\/wp\/v2\/pages\/440","targetHints":{"allow":["GET"]}}],"collection":[{"href":"https:\/\/www.htgservices.nl\/de\/wp-json\/wp\/v2\/pages"}],"about":[{"href":"https:\/\/www.htgservices.nl\/de\/wp-json\/wp\/v2\/types\/page"}],"author":[{"embeddable":true,"href":"https:\/\/www.htgservices.nl\/de\/wp-json\/wp\/v2\/users\/3"}],"replies":[{"embeddable":true,"href":"https:\/\/www.htgservices.nl\/de\/wp-json\/wp\/v2\/comments?post=440"}],"version-history":[{"count":7,"href":"https:\/\/www.htgservices.nl\/de\/wp-json\/wp\/v2\/pages\/440\/revisions"}],"predecessor-version":[{"id":923,"href":"https:\/\/www.htgservices.nl\/de\/wp-json\/wp\/v2\/pages\/440\/revisions\/923"}],"wp:attachment":[{"href":"https:\/\/www.htgservices.nl\/de\/wp-json\/wp\/v2\/media?parent=440"}],"curies":[{"name":"wp","href":"https:\/\/api.w.org\/{rel}","templated":true}]}}