{"id":436,"date":"2020-06-09T10:28:31","date_gmt":"2020-06-09T10:28:31","guid":{"rendered":"http:\/\/www.htgservices.nl\/?page_id=436"},"modified":"2021-05-19T09:14:25","modified_gmt":"2021-05-19T09:14:25","slug":"leeuwarden","status":"publish","type":"page","link":"https:\/\/www.htgservices.nl\/de\/leeuwarden\/","title":{"rendered":"Leeuwarden"},"content":{"rendered":"<h2 class=\"has-luminous-vivid-orange-color has-text-color wp-block-heading\">Capital of Culture 2018<\/h2>\n\n\n\n<figure class=\"wp-block-gallery columns-3 is-cropped wp-block-gallery-1 is-layout-flex wp-block-gallery-is-layout-flex\"><ul class=\"blocks-gallery-grid\"><li class=\"blocks-gallery-item\"><figure><img decoding=\"async\" src=\"http:\/\/www.htgservices.nl\/wp-content\/uploads\/2021\/03\/2535-1024x683.jpg\" alt=\"\" data-id=\"558\" data-link=\"http:\/\/www.htgservices.nl\/leeuwarden\/attachment\/2535\/#main\" class=\"wp-image-558\"\/><\/figure><\/li><li class=\"blocks-gallery-item\"><figure><img decoding=\"async\" src=\"http:\/\/www.htgservices.nl\/wp-content\/uploads\/2021\/03\/Leeuwarden-Cellars-1-1024x768.jpg\" alt=\"\" data-id=\"562\" data-link=\"http:\/\/www.htgservices.nl\/leeuwarden\/leeuwarden-cellars-1\/#main\" class=\"wp-image-562\"\/><\/figure><\/li><li class=\"blocks-gallery-item\"><figure><img decoding=\"async\" src=\"http:\/\/www.htgservices.nl\/wp-content\/uploads\/2021\/05\/Leeuwarden_Oldehoven_foto1_2009-09-19_09.19-768x1024.jpg\" alt=\"\" data-id=\"921\" data-full-url=\"http:\/\/www.htgservices.nl\/wp-content\/uploads\/2021\/05\/Leeuwarden_Oldehoven_foto1_2009-09-19_09.19-scaled.jpg\" data-link=\"http:\/\/www.htgservices.nl\/leeuwarden\/leeuwarden_oldehoven_foto1_2009-09-19_09-19\/#main\" class=\"wp-image-921\"\/><\/figure><\/li><\/ul><\/figure>\n\n\n\n<p>Die Stadt Leeuwarden entstand aus drei H\u00fcgeln am Ufer der Middelzee, einer M\u00fcndung der Nordsee. Schon vor dem Jahr 1000 lebten hier Menschen. Um 1600 z\u00e4hlte Leeuwarden zu den zehn wichtigsten St\u00e4dten der Niederlande. 2018 war Leeuwarden Europ\u00e4ische Kulturhauptstadt. Der Stadtrundgang f\u00fchrt Sie durch die historische Altstadt mit einem kurzen Besuch des schiefen Turms Oldehove und des Friesenmuseums, wo Sie alles \u00fcber Friesland erfahren k\u00f6nnen. <\/p>\n\n\n\n<p>Our tour guide will be happy to accompany you in the language you requested. See our terms and conditions for the languages we can provide.<\/p>\n\n\n\n<h2 class=\"has-luminous-vivid-orange-color has-text-color wp-block-heading\">Complete your program with one or more of our suggestions<\/h2>\n\n\n\n<ul class=\"wp-block-list\"><li>Visit to the Museum of Ceramics<\/li><li>Visit to the Fries Museum<\/li><\/ul>\n\n\n\n<div class=\"wp-block-button\"><a class=\"wp-block-button__link\" href=\"http:\/\/www.htgservices.nl\/de\/contact\/\">Request quotation<\/a><\/div>\n\n\n\n<p><\/p>","protected":false},"excerpt":{"rendered":"<p>Capital of Culture 2018 The city of Leeuwarden arose from a number of three mounds at the shore of the Middelzee, an estuary of the North Sea. Already before the year 1000 there were people living here. Around 1600 Leeuwarden belonged to the ten most important cities in the Netherlands. More recently Leeuwarden was chosen&hellip;&nbsp;<a href=\"https:\/\/www.htgservices.nl\/de\/leeuwarden\/\" class=\"\" rel=\"bookmark\">Weiterlesen &raquo;<span class=\"screen-reader-text\">Leeuwarden<\/span><\/a><\/p>","protected":false},"author":3,"featured_media":0,"parent":0,"menu_order":0,"comment_status":"closed","ping_status":"closed","template":"","meta":{"_monsterinsights_skip_tracking":false,"_monsterinsights_sitenote_active":false,"_monsterinsights_sitenote_note":"","_monsterinsights_sitenote_category":0,"neve_meta_sidebar":"","neve_meta_container":"","neve_meta_enable_content_width":"","neve_meta_content_width":0,"neve_meta_title_alignment":"","neve_meta_author_avatar":"","neve_post_elements_order":"","neve_meta_disable_header":"","neve_meta_disable_footer":"","neve_meta_disable_title":"","footnotes":""},"class_list":["post-436","page","type-page","status-publish","hentry"],"_links":{"self":[{"href":"https:\/\/www.htgservices.nl\/de\/wp-json\/wp\/v2\/pages\/436","targetHints":{"allow":["GET"]}}],"collection":[{"href":"https:\/\/www.htgservices.nl\/de\/wp-json\/wp\/v2\/pages"}],"about":[{"href":"https:\/\/www.htgservices.nl\/de\/wp-json\/wp\/v2\/types\/page"}],"author":[{"embeddable":true,"href":"https:\/\/www.htgservices.nl\/de\/wp-json\/wp\/v2\/users\/3"}],"replies":[{"embeddable":true,"href":"https:\/\/www.htgservices.nl\/de\/wp-json\/wp\/v2\/comments?post=436"}],"version-history":[{"count":7,"href":"https:\/\/www.htgservices.nl\/de\/wp-json\/wp\/v2\/pages\/436\/revisions"}],"predecessor-version":[{"id":922,"href":"https:\/\/www.htgservices.nl\/de\/wp-json\/wp\/v2\/pages\/436\/revisions\/922"}],"wp:attachment":[{"href":"https:\/\/www.htgservices.nl\/de\/wp-json\/wp\/v2\/media?parent=436"}],"curies":[{"name":"wp","href":"https:\/\/api.w.org\/{rel}","templated":true}]}}