{"id":432,"date":"2020-06-09T10:24:50","date_gmt":"2020-06-09T10:24:50","guid":{"rendered":"http:\/\/www.htgservices.nl\/?page_id=432"},"modified":"2021-05-19T09:11:20","modified_gmt":"2021-05-19T09:11:20","slug":"nijmegen","status":"publish","type":"page","link":"https:\/\/www.htgservices.nl\/de\/nijmegen\/","title":{"rendered":"Nijmegen"},"content":{"rendered":"<h2 class=\"has-luminous-vivid-orange-color has-text-color wp-block-heading\">Back to the future<\/h2>\n\n\n\n<figure class=\"wp-block-gallery columns-3 is-cropped wp-block-gallery-1 is-layout-flex wp-block-gallery-is-layout-flex\"><ul class=\"blocks-gallery-grid\"><li class=\"blocks-gallery-item\"><figure><img decoding=\"async\" src=\"http:\/\/www.htgservices.nl\/wp-content\/uploads\/2021\/03\/Nijmegen-1024x691.jpg\" alt=\"\" data-id=\"598\" data-link=\"http:\/\/www.htgservices.nl\/nijmegen\/nijmegen-2\/#main\" class=\"wp-image-598\"\/><\/figure><\/li><li class=\"blocks-gallery-item\"><figure><img decoding=\"async\" src=\"http:\/\/www.htgservices.nl\/wp-content\/uploads\/2021\/03\/Waalkade-en-Waalbrug-Nijmegen-1024x683.jpg\" alt=\"\" data-id=\"600\" data-link=\"http:\/\/www.htgservices.nl\/nijmegen\/jdp9160806-2837s\/#main\" class=\"wp-image-600\"\/><\/figure><\/li><li class=\"blocks-gallery-item\"><figure><img decoding=\"async\" src=\"http:\/\/www.htgservices.nl\/wp-content\/uploads\/2021\/03\/Ingang-Grote-Markt-vanaf-Stevenskerkhof-2-1024x683.jpg\" alt=\"\" data-id=\"605\" data-full-url=\"http:\/\/www.htgservices.nl\/wp-content\/uploads\/2021\/03\/Ingang-Grote-Markt-vanaf-Stevenskerkhof-2-scaled.jpg\" data-link=\"http:\/\/www.htgservices.nl\/nijmegen\/old-stepgable-house-at-the-stevenskerkhof-in-nijmegen-3\/#main\" class=\"wp-image-605\"\/><figcaption class=\"blocks-gallery-item__caption\"> <\/figcaption><\/figure><\/li><\/ul><\/figure>\n\n\n\n<p>Auch wenn Dordrecht mit Fug und Recht behaupten kann, die \u00e4lteste Stadt des Landes zu sein, kann Nijmegen mit Fug und Recht von sich behaupten, eine deutlich \u00e4ltere Siedlung zu sein. Nijmegen wurde bereits in r\u00f6mischer Zeit gegr\u00fcndet, also etwa 1000 Jahre fr\u00fcher. Viele Zeugnisse dieser Epoche finden sich im Museum Valkhof. Dank seiner langen Geschichte hat Nijmegen weit mehr zu bieten als nur die R\u00f6merzeit. W\u00e4hrend Ihres Rundgangs zeigt Ihnen Ihr Reiseleiter die alten r\u00f6mischen Stadtmauern, aber auch den Pulverturm und den Getreidemarkt. <\/p>\n\n\n\n<p>Our tour guide will be happy to accompany you in the language you requested. See our terms and conditions for the languages we can provide.<\/p>\n\n\n\n<h2 class=\"has-luminous-vivid-orange-color has-text-color wp-block-heading\">Complete your tour with one or more of our suggestions<\/h2>\n\n\n\n<ul class=\"wp-block-list\"><li>Visit the museum Valkhof<\/li><li>Visit the Stevens Church<\/li><\/ul>\n\n\n\n<div class=\"wp-block-button\"><a class=\"wp-block-button__link\" href=\"http:\/\/www.htgservices.nl\/de\/contact\/\">Request quotation<\/a><\/div>\n\n\n\n<p><\/p>","protected":false},"excerpt":{"rendered":"<p>Back to the future Even though Dordrecht may rightfully claim to be the oldest \u2018city\u2019 in the country, Nijmegen can successfully state to be a much older settlement than Dordrecht. Nijmegen was already founded in Roman times, so about 1000 years earlier. Many things about this era can be found back in the museum Valkhof.&hellip;&nbsp;<a href=\"https:\/\/www.htgservices.nl\/de\/nijmegen\/\" class=\"\" rel=\"bookmark\">Weiterlesen &raquo;<span class=\"screen-reader-text\">Nijmegen<\/span><\/a><\/p>","protected":false},"author":3,"featured_media":0,"parent":0,"menu_order":0,"comment_status":"closed","ping_status":"closed","template":"","meta":{"_monsterinsights_skip_tracking":false,"_monsterinsights_sitenote_active":false,"_monsterinsights_sitenote_note":"","_monsterinsights_sitenote_category":0,"neve_meta_sidebar":"","neve_meta_container":"","neve_meta_enable_content_width":"","neve_meta_content_width":0,"neve_meta_title_alignment":"","neve_meta_author_avatar":"","neve_post_elements_order":"","neve_meta_disable_header":"","neve_meta_disable_footer":"","neve_meta_disable_title":"","footnotes":""},"class_list":["post-432","page","type-page","status-publish","hentry"],"_links":{"self":[{"href":"https:\/\/www.htgservices.nl\/de\/wp-json\/wp\/v2\/pages\/432","targetHints":{"allow":["GET"]}}],"collection":[{"href":"https:\/\/www.htgservices.nl\/de\/wp-json\/wp\/v2\/pages"}],"about":[{"href":"https:\/\/www.htgservices.nl\/de\/wp-json\/wp\/v2\/types\/page"}],"author":[{"embeddable":true,"href":"https:\/\/www.htgservices.nl\/de\/wp-json\/wp\/v2\/users\/3"}],"replies":[{"embeddable":true,"href":"https:\/\/www.htgservices.nl\/de\/wp-json\/wp\/v2\/comments?post=432"}],"version-history":[{"count":7,"href":"https:\/\/www.htgservices.nl\/de\/wp-json\/wp\/v2\/pages\/432\/revisions"}],"predecessor-version":[{"id":919,"href":"https:\/\/www.htgservices.nl\/de\/wp-json\/wp\/v2\/pages\/432\/revisions\/919"}],"wp:attachment":[{"href":"https:\/\/www.htgservices.nl\/de\/wp-json\/wp\/v2\/media?parent=432"}],"curies":[{"name":"wp","href":"https:\/\/api.w.org\/{rel}","templated":true}]}}