{"id":428,"date":"2020-06-09T10:21:02","date_gmt":"2020-06-09T10:21:02","guid":{"rendered":"http:\/\/www.htgservices.nl\/?page_id=428"},"modified":"2021-05-19T09:06:13","modified_gmt":"2021-05-19T09:06:13","slug":"dordrecht","status":"publish","type":"page","link":"https:\/\/www.htgservices.nl\/de\/dordrecht\/","title":{"rendered":"Dordrecht"},"content":{"rendered":"<h2 class=\"has-luminous-vivid-orange-color has-text-color wp-block-heading\">The oldest city <\/h2>\n\n\n\n<figure class=\"wp-block-gallery columns-3 is-cropped wp-block-gallery-1 is-layout-flex wp-block-gallery-is-layout-flex\"><ul class=\"blocks-gallery-grid\"><li class=\"blocks-gallery-item\"><figure><img decoding=\"async\" src=\"http:\/\/www.htgservices.nl\/wp-content\/uploads\/2021\/03\/Groothoofd-2015-19-1024x768.jpg\" alt=\"\" data-id=\"578\" data-link=\"http:\/\/www.htgservices.nl\/dordrecht\/groothoofd-2015-19\/#main\" class=\"wp-image-578\"\/><\/figure><\/li><li class=\"blocks-gallery-item\"><figure><img decoding=\"async\" src=\"http:\/\/www.htgservices.nl\/wp-content\/uploads\/2021\/03\/101N-1428_DSC-1024x681.jpg\" alt=\"\" data-id=\"577\" data-link=\"http:\/\/www.htgservices.nl\/dordrecht\/101n-1428_dsc\/#main\" class=\"wp-image-577\"\/><\/figure><\/li><li class=\"blocks-gallery-item\"><figure><img decoding=\"async\" src=\"http:\/\/www.htgservices.nl\/wp-content\/uploads\/2021\/05\/Gracht.jpg\" alt=\"\" data-id=\"916\" data-full-url=\"http:\/\/www.htgservices.nl\/wp-content\/uploads\/2021\/05\/Gracht.jpg\" data-link=\"http:\/\/www.htgservices.nl\/dordrecht\/gracht\/#main\" class=\"wp-image-916\"\/><\/figure><\/li><\/ul><\/figure>\n\n\n\n<p>Dordrecht ist offiziell die \u00e4lteste Stadt der Niederlande. Bereits im Jahr 1220, noch vor allen anderen St\u00e4dten, erhielt Dordrecht das Stadtrecht. Ein Besuch dieser mittelalterlichen Handelsstadt entf\u00fchrt Ihre Gruppe ins Mittelalter. In der Altstadt erwarten Sie Sehensw\u00fcrdigkeiten wie das Gericht, das Rathaus, die Augustinerkirche, das Stadttor \u201eGroothoofdspoort\u201c sowie zahlreiche historische Lagerh\u00e4user und die H\u00e4user der Dordrechter Patrizier. <\/p>\n\n\n\n<p>Our tour guide will be happy to accompany you in the language you requested. See our terms and conditions for the languages we can provide.<\/p>\n\n\n\n<h2 class=\"has-luminous-vivid-orange-color has-text-color wp-block-heading\">Extra options<\/h2>\n\n\n\n<ul class=\"wp-block-list\"><li>Visit House Van Gijn<\/li><li>Inside visit Big Church (Augustine Church)<\/li><\/ul>\n\n\n\n<div class=\"wp-block-button\"><a class=\"wp-block-button__link\" href=\"http:\/\/www.htgservices.nl\/de\/contact\/\">Request quotation<\/a><\/div>","protected":false},"excerpt":{"rendered":"<p>The oldest city Officially Dordrecht is the oldest \u2018city\u2019 of the country. Already in the year 1220, before any other city in The Netherlands, Dordrecht was granted the privilege of city rights. A visit to this medieval trading town will take your group back into the middle ages. In the old town they will get&hellip;&nbsp;<a href=\"https:\/\/www.htgservices.nl\/de\/dordrecht\/\" class=\"\" rel=\"bookmark\">Weiterlesen &raquo;<span class=\"screen-reader-text\">Dordrecht<\/span><\/a><\/p>","protected":false},"author":3,"featured_media":0,"parent":0,"menu_order":0,"comment_status":"closed","ping_status":"closed","template":"","meta":{"_monsterinsights_skip_tracking":false,"_monsterinsights_sitenote_active":false,"_monsterinsights_sitenote_note":"","_monsterinsights_sitenote_category":0,"neve_meta_sidebar":"","neve_meta_container":"","neve_meta_enable_content_width":"","neve_meta_content_width":0,"neve_meta_title_alignment":"","neve_meta_author_avatar":"","neve_post_elements_order":"","neve_meta_disable_header":"","neve_meta_disable_footer":"","neve_meta_disable_title":"","footnotes":""},"class_list":["post-428","page","type-page","status-publish","hentry"],"_links":{"self":[{"href":"https:\/\/www.htgservices.nl\/de\/wp-json\/wp\/v2\/pages\/428","targetHints":{"allow":["GET"]}}],"collection":[{"href":"https:\/\/www.htgservices.nl\/de\/wp-json\/wp\/v2\/pages"}],"about":[{"href":"https:\/\/www.htgservices.nl\/de\/wp-json\/wp\/v2\/types\/page"}],"author":[{"embeddable":true,"href":"https:\/\/www.htgservices.nl\/de\/wp-json\/wp\/v2\/users\/3"}],"replies":[{"embeddable":true,"href":"https:\/\/www.htgservices.nl\/de\/wp-json\/wp\/v2\/comments?post=428"}],"version-history":[{"count":6,"href":"https:\/\/www.htgservices.nl\/de\/wp-json\/wp\/v2\/pages\/428\/revisions"}],"predecessor-version":[{"id":917,"href":"https:\/\/www.htgservices.nl\/de\/wp-json\/wp\/v2\/pages\/428\/revisions\/917"}],"wp:attachment":[{"href":"https:\/\/www.htgservices.nl\/de\/wp-json\/wp\/v2\/media?parent=428"}],"curies":[{"name":"wp","href":"https:\/\/api.w.org\/{rel}","templated":true}]}}