{"id":422,"date":"2020-06-09T09:54:54","date_gmt":"2020-06-09T09:54:54","guid":{"rendered":"http:\/\/www.htgservices.nl\/?page_id=422"},"modified":"2021-05-19T09:09:25","modified_gmt":"2021-05-19T09:09:25","slug":"groningen","status":"publish","type":"page","link":"https:\/\/www.htgservices.nl\/de\/groningen\/","title":{"rendered":"Groningen"},"content":{"rendered":"<h2 class=\"has-luminous-vivid-orange-color has-text-color wp-block-heading\">Climb the old grey<\/h2>\n\n\n\n<figure class=\"wp-block-gallery columns-3 is-cropped wp-block-gallery-1 is-layout-flex wp-block-gallery-is-layout-flex\"><ul class=\"blocks-gallery-grid\"><li class=\"blocks-gallery-item\"><figure><img decoding=\"async\" src=\"http:\/\/www.htgservices.nl\/wp-content\/uploads\/2021\/03\/Bloemenjaarmarkt-Bas-Meelker-4-1024x683.jpg\" alt=\"\" data-id=\"586\" data-link=\"http:\/\/www.htgservices.nl\/groningen\/bloemenjaarmarkt-bas-meelker-4\/#main\" class=\"wp-image-586\"\/><\/figure><\/li><li class=\"blocks-gallery-item\"><figure><img decoding=\"async\" src=\"http:\/\/www.htgservices.nl\/wp-content\/uploads\/2021\/03\/1_13-1024x640.jpg\" alt=\"\" data-id=\"587\" data-link=\"http:\/\/www.htgservices.nl\/groningen\/1_13\/#main\" class=\"wp-image-587\"\/><\/figure><\/li><li class=\"blocks-gallery-item\"><figure><img decoding=\"async\" src=\"http:\/\/www.htgservices.nl\/wp-content\/uploads\/2021\/03\/Groningen-martini-Tower-1024x598.jpg\" alt=\"\" data-id=\"588\" data-full-url=\"http:\/\/www.htgservices.nl\/wp-content\/uploads\/2021\/03\/Groningen-martini-Tower.jpg\" data-link=\"http:\/\/www.htgservices.nl\/groningen\/groningen-martini-tower\/#main\" class=\"wp-image-588\"\/><\/figure><\/li><\/ul><\/figure>\n\n\n\n<p>Als lebendige Universit\u00e4tsstadt hat Groningen die j\u00fcngste Durchschnittsbev\u00f6lkerung der Niederlande. Ihre lange und bewegte Geschichte wird beim Betrachten der historischen Lagerh\u00e4user, Gerichte und Geb\u00e4ude deutlich. Einst wurde Groningen zur Stadt mit dem sch\u00f6nsten Stadtzentrum der Niederlande gek\u00fcrt. Erleben Sie all dies und erkunden Sie Groningen mit unserem Reiseleiter. W\u00e4hrend der Tour besteigen wir den Martiniturm (den alten grauen), Groningens Wahrzeichen seit \u00fcber 500 Jahren, von dem aus man einen herrlichen Blick \u00fcber die Stadt genie\u00dft. <\/p>\n\n\n\n<p>Our tour guide will be happy to accompany you in the language you requested. See our terms and conditions for the languages we can provide.<\/p>\n\n\n\n<h2 class=\"has-luminous-vivid-orange-color has-text-color wp-block-heading\">Complete your tour with one or more of our suggestions<\/h2>\n\n\n\n<ul class=\"wp-block-list\"><li>Visit the Groninger Museum<\/li><li>Canal Cruise Groningen<\/li><\/ul>\n\n\n\n<div class=\"wp-block-button\"><a class=\"wp-block-button__link\" href=\"http:\/\/www.htgservices.nl\/de\/contact\/\">Request quotation<\/a><\/div>\n\n\n\n<p><\/p>","protected":false},"excerpt":{"rendered":"<p>Climb the old grey As a lively university city, Groningen has the youngest average population in The Netherlands. It has a long and turbulent history, which becomes evident while admiring the historic warehouses, courts and buildings. Groningen was once proclaimed the city with the best city centre in the Netherlands. Experience all of this and&hellip;&nbsp;<a href=\"https:\/\/www.htgservices.nl\/de\/groningen\/\" class=\"\" rel=\"bookmark\">Weiterlesen &raquo;<span class=\"screen-reader-text\">Groningen<\/span><\/a><\/p>","protected":false},"author":3,"featured_media":0,"parent":0,"menu_order":0,"comment_status":"closed","ping_status":"closed","template":"","meta":{"_monsterinsights_skip_tracking":false,"_monsterinsights_sitenote_active":false,"_monsterinsights_sitenote_note":"","_monsterinsights_sitenote_category":0,"neve_meta_sidebar":"","neve_meta_container":"","neve_meta_enable_content_width":"","neve_meta_content_width":0,"neve_meta_title_alignment":"","neve_meta_author_avatar":"","neve_post_elements_order":"","neve_meta_disable_header":"","neve_meta_disable_footer":"","neve_meta_disable_title":"","footnotes":""},"class_list":["post-422","page","type-page","status-publish","hentry"],"_links":{"self":[{"href":"https:\/\/www.htgservices.nl\/de\/wp-json\/wp\/v2\/pages\/422","targetHints":{"allow":["GET"]}}],"collection":[{"href":"https:\/\/www.htgservices.nl\/de\/wp-json\/wp\/v2\/pages"}],"about":[{"href":"https:\/\/www.htgservices.nl\/de\/wp-json\/wp\/v2\/types\/page"}],"author":[{"embeddable":true,"href":"https:\/\/www.htgservices.nl\/de\/wp-json\/wp\/v2\/users\/3"}],"replies":[{"embeddable":true,"href":"https:\/\/www.htgservices.nl\/de\/wp-json\/wp\/v2\/comments?post=422"}],"version-history":[{"count":8,"href":"https:\/\/www.htgservices.nl\/de\/wp-json\/wp\/v2\/pages\/422\/revisions"}],"predecessor-version":[{"id":918,"href":"https:\/\/www.htgservices.nl\/de\/wp-json\/wp\/v2\/pages\/422\/revisions\/918"}],"wp:attachment":[{"href":"https:\/\/www.htgservices.nl\/de\/wp-json\/wp\/v2\/media?parent=422"}],"curies":[{"name":"wp","href":"https:\/\/api.w.org\/{rel}","templated":true}]}}