{"id":416,"date":"2020-06-09T09:43:47","date_gmt":"2020-06-09T09:43:47","guid":{"rendered":"http:\/\/www.htgservices.nl\/?page_id=416"},"modified":"2021-05-19T09:03:03","modified_gmt":"2021-05-19T09:03:03","slug":"gouda-delight","status":"publish","type":"page","link":"https:\/\/www.htgservices.nl\/de\/gouda-delight\/","title":{"rendered":"Gouda"},"content":{"rendered":"<h2 class=\"has-luminous-vivid-orange-color has-text-color wp-block-heading\">Taste the city<\/h2>\n\n\n\n<figure class=\"wp-block-gallery columns-3 is-cropped wp-block-gallery-1 is-layout-flex wp-block-gallery-is-layout-flex\"><ul class=\"blocks-gallery-grid\"><li class=\"blocks-gallery-item\"><figure><img decoding=\"async\" src=\"http:\/\/www.htgservices.nl\/wp-content\/uploads\/2021\/03\/20190206_115743-1024x768.jpg\" alt=\"\" data-id=\"580\" data-link=\"http:\/\/www.htgservices.nl\/gouda-delight\/20190206_115743\/#main\" class=\"wp-image-580\"\/><\/figure><\/li><li class=\"blocks-gallery-item\"><figure><img decoding=\"async\" src=\"http:\/\/www.htgservices.nl\/wp-content\/uploads\/2021\/03\/VVV-Gouda_Goudse-Waag-Touristinformation_01-1-1024x768.jpg\" alt=\"\" data-id=\"584\" data-full-url=\"http:\/\/www.htgservices.nl\/wp-content\/uploads\/2021\/03\/VVV-Gouda_Goudse-Waag-Touristinformation_01-1-scaled.jpg\" data-link=\"http:\/\/www.htgservices.nl\/gouda-delight\/vvv-gouda_goudse-waag-touristinformation_01-1\/#main\" class=\"wp-image-584\"\/><\/figure><\/li><li class=\"blocks-gallery-item\"><figure><img decoding=\"async\" src=\"http:\/\/www.htgservices.nl\/wp-content\/uploads\/2021\/03\/VVV_GoudsHavenkwartier-028-1024x683.jpg\" alt=\"\" data-id=\"582\" data-link=\"http:\/\/www.htgservices.nl\/gouda-delight\/vvv_goudshavenkwartier-028\/#main\" class=\"wp-image-582\"\/><\/figure><\/li><\/ul><\/figure>\n\n\n\n<p>Der Name Gouda steht nicht nur f\u00fcr K\u00e4se, Tabakpfeifen und Sirupwaffeln, sondern auch f\u00fcr die wundersch\u00f6nen Buntglasfenster der Johanneskirche, das gotische Rathaus und das charmante K\u00e4sewaagehaus. Unser Reiseleiter wird Ihnen all diese Facetten der Stadt w\u00e4hrend Ihres Gruppenrundgangs durch das mittelalterliche St\u00e4dtchen zeigen. <\/p>\n\n\n\n<p>Our tour guide will be happy to accompany you in the language you requested. See our terms and conditions for the languages we can provide.<\/p>\n\n\n\n<h2 class=\"has-luminous-vivid-orange-color has-text-color wp-block-heading\">Complete your program with one or more of our suggestions<\/h2>\n\n\n\n<ul class=\"wp-block-list\"><li> Gouda Cheese Experience\u00a0<\/li><li> Visit to St. John Church <\/li><li> Museum Gouda<\/li><\/ul>\n\n\n\n<div class=\"wp-block-button\"><a class=\"wp-block-button__link\" href=\"http:\/\/www.htgservices.nl\/de\/contact\/\">Request quotation<\/a><\/div>\n\n\n\n<p><\/p>","protected":false},"excerpt":{"rendered":"<p>Taste the city The name of Gouda is not just a synonym for cheese, tobacco pipes and syrup waffles, but also for the beautiful stained glass windows of the Saint John Church, the gothic town hall and the charming cheese weighing house. Our guide will show all these aspects of the city during your group\u2019s&hellip;&nbsp;<a href=\"https:\/\/www.htgservices.nl\/de\/gouda-delight\/\" class=\"\" rel=\"bookmark\">Weiterlesen &raquo;<span class=\"screen-reader-text\">Gouda<\/span><\/a><\/p>","protected":false},"author":3,"featured_media":0,"parent":0,"menu_order":0,"comment_status":"closed","ping_status":"closed","template":"","meta":{"_monsterinsights_skip_tracking":false,"_monsterinsights_sitenote_active":false,"_monsterinsights_sitenote_note":"","_monsterinsights_sitenote_category":0,"neve_meta_sidebar":"","neve_meta_container":"","neve_meta_enable_content_width":"","neve_meta_content_width":0,"neve_meta_title_alignment":"","neve_meta_author_avatar":"","neve_post_elements_order":"","neve_meta_disable_header":"","neve_meta_disable_footer":"","neve_meta_disable_title":"","footnotes":""},"class_list":["post-416","page","type-page","status-publish","hentry"],"_links":{"self":[{"href":"https:\/\/www.htgservices.nl\/de\/wp-json\/wp\/v2\/pages\/416","targetHints":{"allow":["GET"]}}],"collection":[{"href":"https:\/\/www.htgservices.nl\/de\/wp-json\/wp\/v2\/pages"}],"about":[{"href":"https:\/\/www.htgservices.nl\/de\/wp-json\/wp\/v2\/types\/page"}],"author":[{"embeddable":true,"href":"https:\/\/www.htgservices.nl\/de\/wp-json\/wp\/v2\/users\/3"}],"replies":[{"embeddable":true,"href":"https:\/\/www.htgservices.nl\/de\/wp-json\/wp\/v2\/comments?post=416"}],"version-history":[{"count":7,"href":"https:\/\/www.htgservices.nl\/de\/wp-json\/wp\/v2\/pages\/416\/revisions"}],"predecessor-version":[{"id":914,"href":"https:\/\/www.htgservices.nl\/de\/wp-json\/wp\/v2\/pages\/416\/revisions\/914"}],"wp:attachment":[{"href":"https:\/\/www.htgservices.nl\/de\/wp-json\/wp\/v2\/media?parent=416"}],"curies":[{"name":"wp","href":"https:\/\/api.w.org\/{rel}","templated":true}]}}