{"id":336,"date":"2020-04-02T09:21:21","date_gmt":"2020-04-02T09:21:21","guid":{"rendered":"http:\/\/www.htgservices.nl\/?page_id=336"},"modified":"2021-05-19T08:20:22","modified_gmt":"2021-05-19T08:20:22","slug":"delft","status":"publish","type":"page","link":"https:\/\/www.htgservices.nl\/de\/delft\/","title":{"rendered":"Delft"},"content":{"rendered":"<h2 class=\"has-luminous-vivid-orange-color has-text-color wp-block-heading\">Walk through the Porcelain<\/h2>\n\n\n\n<figure class=\"wp-block-gallery columns-3 is-cropped wp-block-gallery-1 is-layout-flex wp-block-gallery-is-layout-flex\"><ul class=\"blocks-gallery-grid\"><li class=\"blocks-gallery-item\"><figure><img decoding=\"async\" src=\"http:\/\/www.htgservices.nl\/wp-content\/uploads\/2021\/03\/Delft-Blue-Souvenirs-2-1024x680.jpg\" alt=\"\" data-id=\"571\" data-link=\"http:\/\/www.htgservices.nl\/delft\/delft-blue-souvenirs-2\/#main\" class=\"wp-image-571\"\/><\/figure><\/li><li class=\"blocks-gallery-item\"><figure><img decoding=\"async\" src=\"http:\/\/www.htgservices.nl\/wp-content\/uploads\/2021\/05\/Delft-historic-buildings-1024x681.jpg\" alt=\"\" data-id=\"905\" data-full-url=\"http:\/\/www.htgservices.nl\/wp-content\/uploads\/2021\/05\/Delft-historic-buildings-scaled.jpg\" data-link=\"http:\/\/www.htgservices.nl\/delft\/delft-historic-buildings\/#main\" class=\"wp-image-905\"\/><\/figure><\/li><li class=\"blocks-gallery-item\"><figure><img decoding=\"async\" src=\"http:\/\/www.htgservices.nl\/wp-content\/uploads\/2021\/03\/Oostpoort-1280x853-1-1024x682.jpg\" alt=\"\" data-id=\"572\" data-link=\"http:\/\/www.htgservices.nl\/delft\/oostpoort-1280x853-1\/#main\" class=\"wp-image-572\"\/><\/figure><\/li><\/ul><\/figure>\n\n\n\n<p>Delft ist weltweit bekannt f\u00fcr sein blaues Steingut, das Delfter Blau. Doch Delft ist auch die Stadt, in der die Mitglieder der niederl\u00e4ndischen K\u00f6nigsfamilie in der Neuen Kirche bestattet sind. In dieser Kirche befindet sich das Mausoleum des Staatsgr\u00fcnders der Niederlande, Wilhelm des Schweigers. Unsere Tour durch Delft beginnt an dieser Kirche und f\u00fchrt Sie zu ber\u00fchmten Sehensw\u00fcrdigkeiten wie dem Rathaus und dem F\u00fcrstenhof. Au\u00dferdem war Delft die Heimatstadt des ber\u00fchmten Malers Johannes Vermeer aus dem 17. Jahrhundert. <\/p>\n\n\n\n<p>Our tour guide will be happy to accompany you in the language you requested. See our terms and conditions for the languages we can provide.<\/p>\n\n\n\n<h2 class=\"has-luminous-vivid-orange-color has-text-color wp-block-heading\">Complete your program with one or more of our suggestions<\/h2>\n\n\n\n<ul class=\"wp-block-list\"><li>Visit to the Vermeer centre<\/li><li>Visit to the Old Church<\/li><li>Visit to Prinsenhof <\/li><\/ul>\n\n\n\n<div class=\"wp-block-button\"><a class=\"wp-block-button__link\" href=\"http:\/\/www.htgservices.nl\/de\/contact\/\">Request quotation<\/a><\/div>\n\n\n\n<p><\/p>","protected":false},"excerpt":{"rendered":"<p>Walk through the Porcelain The name of Delft is world famous for its blue earthenware: Delft Blue. But Delft is also the town where the members of the Dutch royal family are buried inside the New Church. In this church your group will find the mausoleum of the founding father of the Netherlands, William the&hellip;&nbsp;<a href=\"https:\/\/www.htgservices.nl\/de\/delft\/\" class=\"\" rel=\"bookmark\">Weiterlesen &raquo;<span class=\"screen-reader-text\">Delft<\/span><\/a><\/p>","protected":false},"author":3,"featured_media":0,"parent":0,"menu_order":0,"comment_status":"closed","ping_status":"closed","template":"","meta":{"_monsterinsights_skip_tracking":false,"_monsterinsights_sitenote_active":false,"_monsterinsights_sitenote_note":"","_monsterinsights_sitenote_category":0,"neve_meta_sidebar":"","neve_meta_container":"","neve_meta_enable_content_width":"","neve_meta_content_width":0,"neve_meta_title_alignment":"","neve_meta_author_avatar":"","neve_post_elements_order":"","neve_meta_disable_header":"","neve_meta_disable_footer":"","neve_meta_disable_title":"","footnotes":""},"class_list":["post-336","page","type-page","status-publish","hentry"],"_links":{"self":[{"href":"https:\/\/www.htgservices.nl\/de\/wp-json\/wp\/v2\/pages\/336","targetHints":{"allow":["GET"]}}],"collection":[{"href":"https:\/\/www.htgservices.nl\/de\/wp-json\/wp\/v2\/pages"}],"about":[{"href":"https:\/\/www.htgservices.nl\/de\/wp-json\/wp\/v2\/types\/page"}],"author":[{"embeddable":true,"href":"https:\/\/www.htgservices.nl\/de\/wp-json\/wp\/v2\/users\/3"}],"replies":[{"embeddable":true,"href":"https:\/\/www.htgservices.nl\/de\/wp-json\/wp\/v2\/comments?post=336"}],"version-history":[{"count":8,"href":"https:\/\/www.htgservices.nl\/de\/wp-json\/wp\/v2\/pages\/336\/revisions"}],"predecessor-version":[{"id":906,"href":"https:\/\/www.htgservices.nl\/de\/wp-json\/wp\/v2\/pages\/336\/revisions\/906"}],"wp:attachment":[{"href":"https:\/\/www.htgservices.nl\/de\/wp-json\/wp\/v2\/media?parent=336"}],"curies":[{"name":"wp","href":"https:\/\/api.w.org\/{rel}","templated":true}]}}