{"id":323,"date":"2020-04-02T08:59:16","date_gmt":"2020-04-02T08:59:16","guid":{"rendered":"http:\/\/www.htgservices.nl\/?page_id=323"},"modified":"2021-05-19T08:51:52","modified_gmt":"2021-05-19T08:51:52","slug":"tour-den-haag","status":"publish","type":"page","link":"https:\/\/www.htgservices.nl\/de\/tour-den-haag\/","title":{"rendered":"The Hague"},"content":{"rendered":"<h2 class=\"has-luminous-vivid-orange-color has-text-color wp-block-heading\">Town of peace and politics<\/h2>\n\n\n\n<figure class=\"wp-block-gallery columns-3 is-cropped wp-block-gallery-1 is-layout-flex wp-block-gallery-is-layout-flex\"><ul class=\"blocks-gallery-grid\"><li class=\"blocks-gallery-item\"><figure><img decoding=\"async\" src=\"http:\/\/www.htgservices.nl\/wp-content\/uploads\/2021\/03\/Binnenhof-1024x683.jpg\" alt=\"\" data-id=\"564\" data-link=\"http:\/\/www.htgservices.nl\/tour-den-haag\/binnenhof\/#main\" class=\"wp-image-564\"\/><\/figure><\/li><li class=\"blocks-gallery-item\"><figure><img decoding=\"async\" src=\"http:\/\/www.htgservices.nl\/wp-content\/uploads\/2021\/03\/Het-vredespaleis-Den-Haag-1-1024x777.jpg\" alt=\"\" data-id=\"568\" data-full-url=\"http:\/\/www.htgservices.nl\/wp-content\/uploads\/2021\/03\/Het-vredespaleis-Den-Haag-1-scaled.jpg\" data-link=\"http:\/\/www.htgservices.nl\/tour-den-haag\/het-vredespaleis-den-haag-1\/#main\" class=\"wp-image-568\"\/><\/figure><\/li><li class=\"blocks-gallery-item\"><figure><img decoding=\"async\" src=\"http:\/\/www.htgservices.nl\/wp-content\/uploads\/2021\/03\/Het-Mauritshuis-vanaf-de-Hofvijver-klein-1024x862.jpg\" alt=\"\" data-id=\"566\" data-link=\"http:\/\/www.htgservices.nl\/tour-den-haag\/het-mauritshuis-vanaf-de-hofvijver-klein\/#main\" class=\"wp-image-566\"\/><\/figure><\/li><\/ul><\/figure>\n\n\n\n<p>Die niederl\u00e4ndische Regierung hat ihren Sitz in Den Haag, und auch die Amtssitze des K\u00f6nigs befinden sich innerhalb der Stadtgrenzen. Auf dieser k\u00f6niglichen Busrundfahrt f\u00fchrt Sie unser Reiseleiter zu allen Sehensw\u00fcrdigkeiten der Stadt. Das Parlamentsgeb\u00e4ude, der Badeort Scheveningen, der Friedenspalast, das Gef\u00e4ngnistor und das Mauritshuis sind nur einige Beispiele. W\u00e4hrend der Tour halten Sie mehrmals, um diese Denkm\u00e4ler genauer zu betrachten. Ein l\u00e4ngerer Aufenthalt erwartet Sie am Friedenspalast, wo Sie 45 Minuten im Besucherzentrum verbringen und anhand eines Kurzfilms und einer Ausstellung \u00fcber den Palast und seine Institutionen mehr erfahren. <\/p>\n\n\n\n<p>Our tour guide will be happy to accompany you in the language you requested. See our terms and conditions for the languages we can provide.<\/p>\n\n\n\n<h2 class=\"has-luminous-vivid-orange-color has-text-color wp-block-heading\">Complete your program with one or more of our suggestions<\/h2>\n\n\n\n<ul class=\"wp-block-list\"><li>Madurodam<\/li><li>Panorama Mesdag<\/li><li>Mauritshuis<\/li><\/ul>\n\n\n\n<div class=\"wp-block-button\"><a class=\"wp-block-button__link\" href=\"http:\/\/www.htgservices.nl\/de\/contact\/\">Request quotation<\/a><\/div>","protected":false},"excerpt":{"rendered":"<p>Town of peace and politics The Dutch government is based in the city of The Hague and also the offices of our king can be found within its city boundaries. During this royal coach tour, our guide will take your group past all the highlights of the city. The parliament buildings, beach town Scheveningen, the&hellip;&nbsp;<a href=\"https:\/\/www.htgservices.nl\/de\/tour-den-haag\/\" class=\"\" rel=\"bookmark\">Weiterlesen &raquo;<span class=\"screen-reader-text\">The Hague<\/span><\/a><\/p>","protected":false},"author":3,"featured_media":0,"parent":0,"menu_order":0,"comment_status":"closed","ping_status":"closed","template":"","meta":{"_monsterinsights_skip_tracking":false,"_monsterinsights_sitenote_active":false,"_monsterinsights_sitenote_note":"","_monsterinsights_sitenote_category":0,"neve_meta_sidebar":"","neve_meta_container":"","neve_meta_enable_content_width":"","neve_meta_content_width":0,"neve_meta_title_alignment":"","neve_meta_author_avatar":"","neve_post_elements_order":"","neve_meta_disable_header":"","neve_meta_disable_footer":"","neve_meta_disable_title":"","footnotes":""},"class_list":["post-323","page","type-page","status-publish","hentry"],"_links":{"self":[{"href":"https:\/\/www.htgservices.nl\/de\/wp-json\/wp\/v2\/pages\/323","targetHints":{"allow":["GET"]}}],"collection":[{"href":"https:\/\/www.htgservices.nl\/de\/wp-json\/wp\/v2\/pages"}],"about":[{"href":"https:\/\/www.htgservices.nl\/de\/wp-json\/wp\/v2\/types\/page"}],"author":[{"embeddable":true,"href":"https:\/\/www.htgservices.nl\/de\/wp-json\/wp\/v2\/users\/3"}],"replies":[{"embeddable":true,"href":"https:\/\/www.htgservices.nl\/de\/wp-json\/wp\/v2\/comments?post=323"}],"version-history":[{"count":9,"href":"https:\/\/www.htgservices.nl\/de\/wp-json\/wp\/v2\/pages\/323\/revisions"}],"predecessor-version":[{"id":907,"href":"https:\/\/www.htgservices.nl\/de\/wp-json\/wp\/v2\/pages\/323\/revisions\/907"}],"wp:attachment":[{"href":"https:\/\/www.htgservices.nl\/de\/wp-json\/wp\/v2\/media?parent=323"}],"curies":[{"name":"wp","href":"https:\/\/api.w.org\/{rel}","templated":true}]}}