{"id":319,"date":"2020-04-02T08:34:46","date_gmt":"2020-04-02T08:34:46","guid":{"rendered":"http:\/\/www.htgservices.nl\/?page_id=319"},"modified":"2021-05-18T12:45:37","modified_gmt":"2021-05-18T12:45:37","slug":"tour-rotterdam","status":"publish","type":"page","link":"https:\/\/www.htgservices.nl\/de\/tour-rotterdam\/","title":{"rendered":"Rotterdam"},"content":{"rendered":"<h2 class=\"has-luminous-vivid-orange-color has-text-color wp-block-heading\">Experience a World City<\/h2>\n\n\n\n<figure class=\"wp-block-gallery columns-3 is-cropped wp-block-gallery-1 is-layout-flex wp-block-gallery-is-layout-flex\"><ul class=\"blocks-gallery-grid\"><li class=\"blocks-gallery-item\"><figure><img decoding=\"async\" src=\"http:\/\/www.htgservices.nl\/wp-content\/uploads\/2021\/03\/1378-Stadsontwikkeling-1024x685.jpg\" alt=\"\" data-id=\"553\" data-link=\"http:\/\/www.htgservices.nl\/tour-rotterdam\/1378-stadsontwikkeling\/#main\" class=\"wp-image-553\"\/><\/figure><\/li><li class=\"blocks-gallery-item\"><figure><img decoding=\"async\" src=\"http:\/\/www.htgservices.nl\/wp-content\/uploads\/2021\/03\/houses-89501_960_720.jpg\" alt=\"\" data-id=\"554\" data-link=\"http:\/\/www.htgservices.nl\/tour-rotterdam\/houses-89501_960_720\/#main\" class=\"wp-image-554\"\/><\/figure><\/li><li class=\"blocks-gallery-item\"><figure><img decoding=\"async\" src=\"http:\/\/www.htgservices.nl\/wp-content\/uploads\/2021\/03\/Markthallen-Rotterdam-1-1024x768.jpg\" alt=\"\" data-id=\"555\" data-full-url=\"http:\/\/www.htgservices.nl\/wp-content\/uploads\/2021\/03\/Markthallen-Rotterdam-1.jpg\" data-link=\"http:\/\/www.htgservices.nl\/tour-rotterdam\/markthallen-rotterdam-1\/#main\" class=\"wp-image-555\"\/><\/figure><\/li><\/ul><\/figure>\n\n\n\n<p>Bis vor Kurzem war Rotterdam der gr\u00f6\u00dfte Frachthafen der Welt. Es ist au\u00dferdem die einzige Stadt in den Niederlanden mit einer wirklich beeindruckenden Skyline wie Frankfurt, Paris, Warschau und London. Eine Bus- oder Stadtf\u00fchrung f\u00fchrt Sie durch Rotterdam und zeigt Ihnen alle Highlights der Stadt: faszinierende moderne Architektur, das alte Rathaus, Delfshaven, den urspr\u00fcnglichen Abfahrtshafen der Pilgerv\u00e4ter, den Euromast und die Erasmusbr\u00fccke. Dies sind nur einige Beispiele f\u00fcr all das, was Ihre Gruppe sehen wird. <\/p>\n\n\n\n<p>Our tour guide will be happy to accompany you in the language you requested. See our terms and conditions for the languages we can provide.<\/p>\n\n\n\n<h2 class=\"has-luminous-vivid-orange-color has-text-color wp-block-heading\">Compete your program with one or more of our suggestions<\/h2>\n\n\n\n<ul class=\"wp-block-list\"><li>Take a Harbour Cruise<\/li><li>Visit one or more of the many museums<\/li><li>Enjoy the view from the Euromast that stretches as far as 30 km into the distance<\/li><\/ul>\n\n\n\n<p>Of course there are much more possibilities in Rotterdam. If there are others things you would like to see, please do not hesitate to contact us<\/p>\n\n\n\n<div class=\"wp-block-button\"><a class=\"wp-block-button__link\" href=\"http:\/\/www.htgservices.nl\/de\/contact\/\">Request quotation<\/a><\/div>\n\n\n\n<p><\/p>\n\n\n\n<div class=\"wp-block-group is-layout-flow wp-block-group-is-layout-flow\"><div class=\"wp-block-group__inner-container\"><\/div><\/div>","protected":false},"excerpt":{"rendered":"<p>Experience a World City Until recently, Rotterdam was the largest cargo harbour in the world. It is also though the only town in the Netherlands with a real skyline like Frankfurt, Paris, Warschaw and London. A bus or walking tour in Rotterdam will take you past all highlights Rotterdam has to offer: Tempting modern architecture,&hellip;&nbsp;<a href=\"https:\/\/www.htgservices.nl\/de\/tour-rotterdam\/\" class=\"\" rel=\"bookmark\">Weiterlesen &raquo;<span class=\"screen-reader-text\">Rotterdam<\/span><\/a><\/p>","protected":false},"author":3,"featured_media":0,"parent":0,"menu_order":0,"comment_status":"closed","ping_status":"closed","template":"","meta":{"_monsterinsights_skip_tracking":false,"_monsterinsights_sitenote_active":false,"_monsterinsights_sitenote_note":"","_monsterinsights_sitenote_category":0,"neve_meta_sidebar":"","neve_meta_container":"","neve_meta_enable_content_width":"","neve_meta_content_width":0,"neve_meta_title_alignment":"","neve_meta_author_avatar":"","neve_post_elements_order":"","neve_meta_disable_header":"","neve_meta_disable_footer":"","neve_meta_disable_title":"","footnotes":""},"class_list":["post-319","page","type-page","status-publish","hentry"],"_links":{"self":[{"href":"https:\/\/www.htgservices.nl\/de\/wp-json\/wp\/v2\/pages\/319","targetHints":{"allow":["GET"]}}],"collection":[{"href":"https:\/\/www.htgservices.nl\/de\/wp-json\/wp\/v2\/pages"}],"about":[{"href":"https:\/\/www.htgservices.nl\/de\/wp-json\/wp\/v2\/types\/page"}],"author":[{"embeddable":true,"href":"https:\/\/www.htgservices.nl\/de\/wp-json\/wp\/v2\/users\/3"}],"replies":[{"embeddable":true,"href":"https:\/\/www.htgservices.nl\/de\/wp-json\/wp\/v2\/comments?post=319"}],"version-history":[{"count":9,"href":"https:\/\/www.htgservices.nl\/de\/wp-json\/wp\/v2\/pages\/319\/revisions"}],"predecessor-version":[{"id":843,"href":"https:\/\/www.htgservices.nl\/de\/wp-json\/wp\/v2\/pages\/319\/revisions\/843"}],"wp:attachment":[{"href":"https:\/\/www.htgservices.nl\/de\/wp-json\/wp\/v2\/media?parent=319"}],"curies":[{"name":"wp","href":"https:\/\/api.w.org\/{rel}","templated":true}]}}