{"id":1710,"date":"2023-11-20T13:30:47","date_gmt":"2023-11-20T13:30:47","guid":{"rendered":"https:\/\/www.htgservices.nl\/?page_id=1710"},"modified":"2025-04-03T13:31:03","modified_gmt":"2025-04-03T13:31:03","slug":"team","status":"publish","type":"page","link":"https:\/\/www.htgservices.nl\/de\/team\/","title":{"rendered":"B\u00fcroteam"},"content":{"rendered":"<div id='gallery-1' class='gallery galleryid-1710 gallery-columns-7 gallery-size-thumbnail'><dl class='gallery-item'>\n\t\t\t<dt class='gallery-icon landscape'>\n\t\t\t\t<img loading=\"lazy\" decoding=\"async\" width=\"150\" height=\"150\" src=\"https:\/\/www.htgservices.nl\/wp-content\/uploads\/2020\/03\/Berty-150x150.jpg\" class=\"attachment-thumbnail size-thumbnail\" alt=\"\" srcset=\"https:\/\/www.htgservices.nl\/wp-content\/uploads\/2020\/03\/Berty-150x150.jpg 150w, https:\/\/www.htgservices.nl\/wp-content\/uploads\/2020\/03\/Berty-300x300.jpg 300w, https:\/\/www.htgservices.nl\/wp-content\/uploads\/2020\/03\/Berty-53x53.jpg 53w, https:\/\/www.htgservices.nl\/wp-content\/uploads\/2020\/03\/Berty.jpg 396w\" sizes=\"auto, (max-width: 150px) 100vw, 150px\" \/>\n\t\t\t<\/dt><\/dl>\n\t\t\t<br style='clear: both' \/>\n\t\t<\/div>\n\n<p><strong>Berty, B\u00fcroleiter<\/strong><br \/>\nHallo, ich bin seit 2011 bei HTG Services. Davor war ich in der Flusskreuzfahrtbranche t\u00e4tig und habe viele Jahre bei einem Reiseveranstalter gearbeitet, sowohl in der Reservierungsabteilung als auch in der Verwaltung. Bei HTG Services sorge ich daf\u00fcr, dass alle neuen Reservierungen best\u00e4tigt, bearbeitet und verwaltet werden. Ich achte darauf, dass Ihre Gruppen an allen Reisezielen die bestm\u00f6glichen Restaurants oder Hotels erhalten und \u00fcberpr\u00fcfe, ob alle Reservierungen f\u00fcr Eintrittskarten, z. B. f\u00fcr Museen oder Grachtenfahrten, korrekt sind.<\/p>\n<div id='gallery-2' class='gallery galleryid-1710 gallery-columns-7 gallery-size-thumbnail'><dl class='gallery-item'>\n\t\t\t<dt class='gallery-icon landscape'>\n\t\t\t\t<a href='https:\/\/www.htgservices.nl\/de\/new-project-5\/'><img loading=\"lazy\" decoding=\"async\" width=\"150\" height=\"150\" src=\"https:\/\/www.htgservices.nl\/wp-content\/uploads\/2020\/09\/New-Project-5-150x150.jpg\" class=\"attachment-thumbnail size-thumbnail\" alt=\"\" srcset=\"https:\/\/www.htgservices.nl\/wp-content\/uploads\/2020\/09\/New-Project-5-150x150.jpg 150w, https:\/\/www.htgservices.nl\/wp-content\/uploads\/2020\/09\/New-Project-5-53x53.jpg 53w, https:\/\/www.htgservices.nl\/wp-content\/uploads\/2020\/09\/New-Project-5.jpg 231w\" sizes=\"auto, (max-width: 150px) 100vw, 150px\" \/><\/a>\n\t\t\t<\/dt><\/dl>\n\t\t\t<br style='clear: both' \/>\n\t\t<\/div>\n\n<p><strong>Claudi, Reservierungen<\/strong><br \/>\n2012 begann ich meine T\u00e4tigkeit bei HTG Services als Reiseleiterin und bin seit 2018 im B\u00fcro t\u00e4tig. Zuvor war ich als Reiseleiterin in ganz Europa unterwegs. Bei HTG Services arbeite ich eng mit Berty zusammen und betreue au\u00dferdem die Anfragen verschiedener Flusskreuzfahrtschiffe. Gerne unterst\u00fctze ich Sie bei der Entwicklung neuer Ideen f\u00fcr Ihre Gruppen. Dar\u00fcber hinaus bin ich f\u00fcr HTG Services auf Fachmessen vertreten.<\/p>\n<p>&nbsp;<\/p>\n<p>&nbsp;<\/p>\n<p>&nbsp;<\/p>\n<p>&nbsp;<\/p>","protected":false},"excerpt":{"rendered":"<p>Berty, Office manager Hi there, I joined HTG Services in 2011. Before that I worked in the river cruise industry and spent many years with an outbound tour operator both at the reservation department as well as the administration. At HTG Services I make sure that all new reservations get confirmed, handled and administered. I&hellip;&nbsp;<a href=\"https:\/\/www.htgservices.nl\/de\/team\/\" class=\"\" rel=\"bookmark\">Weiterlesen &raquo;<span class=\"screen-reader-text\">B\u00fcroteam<\/span><\/a><\/p>","protected":false},"author":3,"featured_media":0,"parent":0,"menu_order":0,"comment_status":"closed","ping_status":"closed","template":"","meta":{"_monsterinsights_skip_tracking":false,"_monsterinsights_sitenote_active":false,"_monsterinsights_sitenote_note":"","_monsterinsights_sitenote_category":0,"neve_meta_sidebar":"","neve_meta_container":"","neve_meta_enable_content_width":"off","neve_meta_content_width":100,"neve_meta_title_alignment":"","neve_meta_author_avatar":"","neve_post_elements_order":"","neve_meta_disable_header":"","neve_meta_disable_footer":"","neve_meta_disable_title":"","footnotes":""},"class_list":["post-1710","page","type-page","status-publish","hentry"],"_links":{"self":[{"href":"https:\/\/www.htgservices.nl\/de\/wp-json\/wp\/v2\/pages\/1710","targetHints":{"allow":["GET"]}}],"collection":[{"href":"https:\/\/www.htgservices.nl\/de\/wp-json\/wp\/v2\/pages"}],"about":[{"href":"https:\/\/www.htgservices.nl\/de\/wp-json\/wp\/v2\/types\/page"}],"author":[{"embeddable":true,"href":"https:\/\/www.htgservices.nl\/de\/wp-json\/wp\/v2\/users\/3"}],"replies":[{"embeddable":true,"href":"https:\/\/www.htgservices.nl\/de\/wp-json\/wp\/v2\/comments?post=1710"}],"version-history":[{"count":12,"href":"https:\/\/www.htgservices.nl\/de\/wp-json\/wp\/v2\/pages\/1710\/revisions"}],"predecessor-version":[{"id":1983,"href":"https:\/\/www.htgservices.nl\/de\/wp-json\/wp\/v2\/pages\/1710\/revisions\/1983"}],"wp:attachment":[{"href":"https:\/\/www.htgservices.nl\/de\/wp-json\/wp\/v2\/media?parent=1710"}],"curies":[{"name":"wp","href":"https:\/\/api.w.org\/{rel}","templated":true}]}}