{"id":1225,"date":"2023-01-04T11:19:11","date_gmt":"2023-01-04T11:19:11","guid":{"rendered":"https:\/\/www.htgservices.nl\/?page_id=1225"},"modified":"2026-04-09T14:23:50","modified_gmt":"2026-04-09T14:23:50","slug":"tours-3","status":"publish","type":"page","link":"https:\/\/www.htgservices.nl\/de\/tours-3\/","title":{"rendered":"Reisen"},"content":{"rendered":"<p class=\"has-text-color has-very-dark-gray-color\"><strong>Alkmaar <\/strong><br \/>Die wichtigsten Sehensw\u00fcrdigkeiten, die Ihnen Ihr privater Reiseleiter zeigen wird, sind das \u00f6ffentliche Waagehaus, in dem im Sommer (April bis erster Freitag im September) freitags der w\u00f6chentliche K\u00e4semarkt stattfindet, die St.-Laurentius-Kirche und das h\u00fcbsche Rathaus aus dem 16. Jahrhundert. Das Haus mit der Kugel ist ein Holzgeb\u00e4ude aus dem 16. Jahrhundert mit einer Kugel in der Fassade, die an die Zeit des Krieges gegen Spanien im Jahr 1573 erinnert. Schlendern Sie durch die lebhaften Einkaufsstra\u00dfen und entspannen Sie auf einer der vielen Terrassen in Alkmaar. Die Stadt Alkmaar beherbergt \u00fcber 400 Denkm\u00e4ler und ist die \u00e4lteste Stadt in dieser Region Spaniens; sie wurde h\u00f6chstwahrscheinlich von den R\u00f6mern gegr\u00fcndet. Ein Besuch im K\u00e4semuseum rundet Ihren Besuch in Alkmaar ab. Dort erfahren Sie alles \u00fcber die K\u00e4seherstellung \u2013 von der Milch bis zum K\u00e4se, den Sie auch zu Hause im Supermarkt finden.<\/p>\r\n\r\n\r\n\r\n<div class=\"wp-block-button\"><a class=\"wp-block-button__link has-background has-vivid-green-cyan-background-color\" href=\"https:\/\/www.htgservices.nl\/de\/contact\/\">ANFRAGEN<\/a><\/div>\r\n\r\n\r\n<hr class=\"wp-block-separator\" \/>\r\n\r\n\r\n<p><strong>Amsterdam<\/strong><br \/>Diese Bus- oder Stadtf\u00fchrung eignet sich perfekt, um Amsterdam in kurzer Zeit (maximal 4 Stunden) kennenzulernen. Unser Reiseleiter zeigt Ihrer Gruppe die wichtigsten Sehensw\u00fcrdigkeiten der Stadt, wie den K\u00f6nigspalast, den Museumsplatz, die Amstel und die malerischen Grachten, oder nimmt Sie mit zu einem Besuch in einem der vielen Museen: dem Rijksmuseum oder dem Van Gogh Museum.<\/p>\r\n\r\n\r\n\r\n<div class=\"wp-block-button\"><a class=\"wp-block-button__link has-background has-vivid-green-cyan-background-color\" href=\"https:\/\/www.htgservices.nl\/de\/contact\/\">ANFRAGEN<\/a><\/div>\r\n\r\n\r\n<hr class=\"wp-block-separator\" \/>\r\n\r\n\r\n<p><strong>Arnhem<\/strong><br \/>Die Stadt Arnheim blickt auf eine reiche und faszinierende Geschichte zur\u00fcck, die sich ideal f\u00fcr einen Stadtrundgang eignet. Als Schauplatz der Schlachten des Zweiten Weltkriegs, insbesondere der Operation Market Garden, erinnert Arnheim mit der John-Frost-Br\u00fccke, der wichtigsten Br\u00fccke der Stadt \u00fcber den Rhein, an die Gefallenen. Erweisen Sie den Opfern an der ber\u00fchmten Br\u00fccke die Ehre und besuchen Sie anschlie\u00dfend das h\u00f6chste Wahrzeichen der Stadt, die Eusebiuskirche. Fahren Sie mit dem Panoramaaufzug auf den 76 Meter hohen Kirchturm und genie\u00dfen Sie den spektakul\u00e4ren Ausblick auf die Stadt und die umliegende Region (Eintritt nicht inbegriffen).<\/p>\r\n\r\n\r\n\r\n<div class=\"wp-block-button\"><a class=\"wp-block-button__link has-background has-vivid-green-cyan-background-color\" href=\"https:\/\/www.htgservices.nl\/de\/contact\/\">ANFRAGEN<\/a><\/div>\r\n\r\n\r\n<hr class=\"wp-block-separator\" \/>\r\n\r\n\r\n<p><strong>Delft<\/strong><br \/>Delft ist weltweit bekannt f\u00fcr sein blaues Steingut, das Delfter Blau. Doch Delft ist auch die Stadt, in der die Mitglieder der niederl\u00e4ndischen K\u00f6nigsfamilie in der Neuen Kirche bestattet sind. In dieser Kirche befindet sich das Mausoleum des Staatsgr\u00fcnders der Niederlande, Wilhelm des Schweigers. Unsere Tour durch Delft beginnt an dieser Kirche und f\u00fchrt Sie zu ber\u00fchmten Sehensw\u00fcrdigkeiten wie dem Rathaus und dem F\u00fcrstenhof. Au\u00dferdem war Delft die Heimatstadt des ber\u00fchmten Malers Johannes Vermeer aus dem 17. Jahrhundert.<\/p>\r\n\r\n\r\n\r\n<div class=\"wp-block-button\"><a class=\"wp-block-button__link has-background has-vivid-green-cyan-background-color\" href=\"https:\/\/www.htgservices.nl\/de\/contact\/\">ANFRAGEN<\/a><\/div>\r\n\r\n\r\n<hr class=\"wp-block-separator\" \/>\r\n\r\n\r\n<p><strong>Den Bosch<\/strong><br \/>Entdecken Sie die Kulturstadt im S\u00fcden in Begleitung eines Reisef\u00fchrers. Den Bosch ist eine wundersch\u00f6ne Festungsstadt voller Sehensw\u00fcrdigkeiten wie dem Rathaus und dem Mondriaan. Die Stadt mit ihren mittelalterlichen Geb\u00e4uden liegt oberhalb der Binnendieze (dem alten Wasserstra\u00dfensystem von Den Bosch). Sie besticht durch h\u00fcbsche H\u00e4user, gem\u00fctliche Stra\u00dfen, zahlreiche Caf\u00e9s und nette Gesch\u00e4fte. Neben den beeindruckenden Denkm\u00e4lern ist Den Bosch auch ein Zentrum f\u00fcr zeitgen\u00f6ssische Kunst und Hightech-Unternehmen.<\/p>\r\n\r\n\r\n\r\n<div class=\"wp-block-button\"><a class=\"wp-block-button__link has-background has-vivid-green-cyan-background-color\" href=\"https:\/\/www.htgservices.nl\/de\/contact\/\">ANFRAGEN<\/a><\/div>\r\n\r\n\r\n<hr class=\"wp-block-separator\" \/>\r\n\r\n\r\n<p><strong>Dordrecht<\/strong><br \/>Dordrecht ist offiziell die \u00e4lteste Stadt der Niederlande. Bereits im Jahr 1220, noch vor allen anderen St\u00e4dten, erhielt Dordrecht das Stadtrecht. Ein Besuch dieser mittelalterlichen Handelsstadt entf\u00fchrt Ihre Gruppe ins Mittelalter. In der Altstadt erwarten Sie Sehensw\u00fcrdigkeiten wie das Gericht, das Rathaus, die Augustinerkirche, das Stadttor \u201eGroothoofdspoort\u201c sowie zahlreiche historische Lagerh\u00e4user und die H\u00e4user der Dordrechter Patrizier.<\/p>\r\n\r\n\r\n\r\n<div class=\"wp-block-button\"><a class=\"wp-block-button__link has-background has-vivid-green-cyan-background-color\" href=\"https:\/\/www.htgservices.nl\/de\/contact\/\">ANFRAGEN<\/a><\/div>\r\n\r\n\r\n<hr class=\"wp-block-separator\" \/>\r\n\r\n\r\n<p><strong>Enkhuizen<\/strong><br \/>Zu den wichtigsten Sehensw\u00fcrdigkeiten z\u00e4hlen der Dromedar-Wachturm, der k\u00fcrzlich zu einem bedeutenden Kulturzentrum umgebaut wurde, und der Snouck van Loosenpark, ein wundersch\u00f6ner Park, der Ende des 19. Jahrhunderts als Sozialwohnungsbauprojekt angelegt wurde. Bewundern Sie den hohen Turm der S\u00fcdkirche und ihre ber\u00fchmte Orgel aus dem Jahr 1621. Erkunden Sie den lebhaften Hafen und die Einkaufsstra\u00dfe. Ein Spaziergang durch die Stra\u00dfen von Enkhuizen versetzt Sie zur\u00fcck in die Zeit des Goldenen Zeitalters. Ein Besuch im ber\u00fchmten Zuiderzeemuseum rundet Ihren Aufenthalt in Enkhuizen perfekt ab. Das Museum l\u00e4sst die Geschichten der Menschen wieder aufleben, die einst an den Ufern der Zuiderzee lebten. Erleben Sie den Alltag an der Zuiderzee mit allen Sinnen \u2013 mit allen Sinnen, so wie er vor dem Bau des Afsluitdijk (IJsselmeer-Sperrdamms) im Jahr 1932 war, der das Meer in das IJsselmeer verwandelte. Im Winter k\u00f6nnen Sie das Museum erkunden, das die Sch\u00e4tze der Zuiderzee beherbergt. Wechselausstellungen pr\u00e4sentieren die reiche Sammlung des Museums.<\/p>\r\n\r\n\r\n\r\n<div class=\"wp-block-button\"><a class=\"wp-block-button__link has-background has-vivid-green-cyan-background-color\" href=\"https:\/\/www.htgservices.nl\/de\/contact\/\">ANFRAGEN<\/a><\/div>\r\n\r\n\r\n<hr class=\"wp-block-separator\" \/>\r\n\r\n\r\n<p><strong>Gouda<\/strong><br \/>Der Name Gouda steht nicht nur f\u00fcr K\u00e4se, Tabakpfeifen und Sirupwaffeln, sondern auch f\u00fcr die wundersch\u00f6nen Buntglasfenster der Johanneskirche, das gotische Rathaus und das charmante K\u00e4sewaagehaus. Unser Reiseleiter wird Ihnen all diese Facetten der Stadt w\u00e4hrend Ihres Gruppenrundgangs durch das mittelalterliche St\u00e4dtchen zeigen.<\/p>\r\n\r\n\r\n\r\n<div class=\"wp-block-button\"><a class=\"wp-block-button__link has-background has-vivid-green-cyan-background-color\" href=\"https:\/\/www.htgservices.nl\/de\/contact\/\">ANFRAGEN<\/a><\/div>\r\n\r\n\r\n<hr class=\"wp-block-separator\" \/>\r\n\r\n\r\n<p><strong>Groningen<\/strong><br \/>Als lebendige Universit\u00e4tsstadt hat Groningen die j\u00fcngste Durchschnittsbev\u00f6lkerung der Niederlande. Ihre lange und bewegte Geschichte wird beim Betrachten der historischen Lagerh\u00e4user, Gerichte und Geb\u00e4ude deutlich. Einst wurde Groningen zur Stadt mit dem sch\u00f6nsten Stadtzentrum der Niederlande gek\u00fcrt. Erleben Sie all dies und erkunden Sie Groningen mit unserem Reiseleiter. W\u00e4hrend der Tour besteigen wir den Martiniturm (den alten grauen), Groningens Wahrzeichen seit \u00fcber 500 Jahren, von dem aus man einen herrlichen Blick \u00fcber die Stadt genie\u00dft.<\/p>\r\n\r\n\r\n\r\n<div class=\"wp-block-button\"><a class=\"wp-block-button__link has-background has-vivid-green-cyan-background-color\" href=\"https:\/\/www.htgservices.nl\/de\/contact\/\">ANFRAGEN<\/a><\/div>\r\n\r\n\r\n<hr class=\"wp-block-separator\" \/>\r\n\r\n\r\n<p><strong>Haarlem<\/strong><br \/>Besuchen Sie die einladenden H\u00e4user des Frans-Hals-Museums, einst das Zuhause dieses ber\u00fchmten niederl\u00e4ndischen Malers des Goldenen Zeitalters. Entdecken Sie den versteckten Schatz Hofje van Oostschot oder einen der vielen anderen Patios, die \u00fcberall in der Haarlemer Innenstadt zu finden sind. Schlendern Sie durch die lebhaften Einkaufsstra\u00dfen und \u00fcber den Marktplatz. Ein Spaziergang durch Haarlems Stra\u00dfen entf\u00fchrt Sie in die Glanzzeit der Stadt im 16. und 17. Jahrhundert, doch Sie werden auch auf beeindruckende moderne Architektur sto\u00dfen, die erst vor wenigen Jahren entstanden ist. Ihren Besuch in Haarlem rundet ein Besuch der ber\u00fchmten St.-Bavo-Kirche ab, deren Bau im Mittelalter begann. Zu ihren ber\u00fchmten Besuchern z\u00e4hlte Mozart, der bereits mit 10 Jahren die ber\u00fchmte M\u00fcller-Orgel spielte. Auch H\u00e4ndel, ein weiterer bekannter Komponist, spielte hier Orgel.<\/p>\r\n\r\n\r\n\r\n<div class=\"wp-block-button\"><a class=\"wp-block-button__link has-background has-vivid-green-cyan-background-color\" href=\"https:\/\/www.htgservices.nl\/de\/contact\/\">ANFRAGEN<\/a><\/div>\r\n\r\n\r\n<hr class=\"wp-block-separator\" \/>\r\n\r\n\r\n<p><strong>Hoorn<\/strong><br \/>Erkunden Sie Hoorn in zwei Stunden und passieren Sie historische Denkm\u00e4ler wie die versteckte Liebeskapelle, die einst als Privatkapelle f\u00fcr ein halbkatholisches, halb protestantisches Paar erbaut wurde. Ber\u00fchren Sie, wie die Einheimischen es vor Jahrzehnten taten, die Fassade des St.-Johannes-Hospizes. Besuchen Sie den lebhaften Hafen und die Einkaufsstra\u00dfe. Erfahren Sie mehr \u00fcber Jan Pietersz Coen, den Sohn Hoorns und Gr\u00fcnder der ehemaligen Stadt Batavia, dem heutigen Jakarta in Indonesien. Ein Spaziergang durch die Stra\u00dfen Hoorns entf\u00fchrt Sie in die Zeit der VOC (Vereinigte Ostindische Kompanie), die Holland im 17. Jahrhundert zu einem der einflussreichsten L\u00e4nder der Welt machte. Hoorn war damals eine der sechs wichtigsten St\u00e4dte der VOC.<\/p>\r\n\r\n\r\n\r\n<div class=\"wp-block-button\"><a class=\"wp-block-button__link has-background has-vivid-green-cyan-background-color\" href=\"https:\/\/www.htgservices.nl\/de\/contact\/\">ANFRAGEN<\/a><\/div>\r\n\r\n\r\n<hr class=\"wp-block-separator\" \/>\r\n\r\n\r\n<p><strong>Keukenhof<\/strong><br \/>Vom vereinbarten Treffpunkt aus f\u00fchrt Sie unser Guide vorbei an den farbenpr\u00e4chtigen Tulpenfeldern zum Keukenhof, der vom 19. M\u00e4rz bis zum 8. Mai 2022 ge\u00f6ffnet ist. Nirgendwo sonst auf der Welt erwacht der Fr\u00fchling so farbenpr\u00e4chtig zum Leben wie in diesem riesigen Park. Der Keukenhof pr\u00e4sentiert Millionen von Tulpen, atemberaubende Blumenschauen, den gr\u00f6\u00dften Skulpturengarten der Niederlande und z\u00e4hlt zu den meistfotografierten Orten der Welt. Die Dauer der Tour richtet sich nach dem ben\u00f6tigten Aufenthalt im Keukenhof.<\/p>\r\n\r\n\r\n\r\n<div class=\"wp-block-button\"><a class=\"wp-block-button__link has-background has-vivid-green-cyan-background-color\" href=\"https:\/\/www.htgservices.nl\/de\/contact\/\">ANFRAGEN<\/a><\/div>\r\n\r\n\r\n<hr class=\"wp-block-separator\" \/>\r\n\r\n\r\n<p><strong>Leeuwarden<\/strong><br \/>Die Stadt Leeuwarden entstand aus drei H\u00fcgeln am Ufer der Middelzee, einer M\u00fcndung der Nordsee. Schon vor dem Jahr 1000 lebten hier Menschen. Um 1600 z\u00e4hlte Leeuwarden zu den zehn wichtigsten St\u00e4dten der Niederlande. 2018 war Leeuwarden Europ\u00e4ische Kulturhauptstadt. Der Stadtrundgang f\u00fchrt Sie durch die historische Altstadt mit einem kurzen Besuch des schiefen Turms Oldehove und des Friesenmuseums, wo Sie alles \u00fcber Friesland erfahren k\u00f6nnen.<\/p>\r\n\r\n\r\n\r\n<div class=\"wp-block-button\"><a class=\"wp-block-button__link has-background has-vivid-green-cyan-background-color\" href=\"https:\/\/www.htgservices.nl\/de\/contact\/\">ANFRAGEN<\/a><\/div>\r\n\r\n\r\n<hr class=\"wp-block-separator\" \/>\r\n\r\n\r\n<p><strong>Leiden<\/strong><br \/>Due to the presence of the country\u2019s oldest university, this town is internationally renowned as a student town with the most famous alumni being our king Willem Alexander. Leiden though has more to offer and was the 2nd town of the country during the Golden Age. Like Amsterdam Leiden has a splendid centre of canals with many highlights. Our guide will show you these during the walk. Fine examples are the St. Peter church, the old town hall and the canal Rapenburg with the university.<\/p>\r\n\r\n\r\n\r\n<div class=\"wp-block-button\"><a class=\"wp-block-button__link has-background has-vivid-green-cyan-background-color\" href=\"https:\/\/www.htgservices.nl\/de\/contact\/\">ANFRAGEN<\/a><\/div>\r\n\r\n\r\n<hr class=\"wp-block-separator\" \/>\r\n\r\n\r\n<p><strong>Maastricht<\/strong><br \/>Maastricht, one of the oldest cities in the Netherlands, has ripened well with age with complex and lively cultural overtones added over centuries by the Romans, Germans and French. This rich cultural palette is the secret behind the city\u2019s attractiveness, drawing visitors to the historic city centre and a wealth of museums and festivals. During a city walk our guide will lead you to the most beautiful spots in the historic centre, including the Stokstraat district, the town ramparts, and the Vrijthof with the monumental St. Janskerk (Church of St. John) and the St. Servaas Basiliek (Basilica of St. Servatius).<\/p>\r\n\r\n\r\n\r\n<div class=\"wp-block-button\"><a class=\"wp-block-button__link has-background has-vivid-green-cyan-background-color\" href=\"https:\/\/www.htgservices.nl\/de\/contact\/\">ANFRAGEN<\/a><\/div>\r\n\r\n\r\n<hr class=\"wp-block-separator\" \/>\r\n\r\n\r\n<p><strong>Nijmegen<\/strong><br \/>Even though Dordrecht may rightfully claim to be the oldest \u2018city\u2019 in the country, Nijmegen can successfully state to be a much older settlement than Dordrecht. Nijmegen was already founded in Roman times, so about 1000 years earlier. Many things about this era can be found back in the museum Valkhof. Being able to look back on such a long history, Nijmegen has more to offer then just the Roman days. During your walk your guide will show you the old roman walls, but also the powder tower and the corn market.<\/p>\r\n\r\n\r\n\r\n<div class=\"wp-block-button\"><a class=\"wp-block-button__link has-background has-vivid-green-cyan-background-color\" href=\"https:\/\/www.htgservices.nl\/de\/contact\/\">ANFRAGEN<\/a><\/div>\r\n\r\n\r\n<hr class=\"wp-block-separator\" \/>\r\n\r\n\r\n<p><strong>Rotterdam<\/strong><br \/>Until recently, Rotterdam was the largest cargo harbour in the world. It is also though the only town in the Netherlands with a real skyline like Frankfurt, Paris, Warschaw and London. A bus or walking tour in Rotterdam will take you past all highlights Rotterdam has to offer: Tempting modern architecture, the old town hall, the Pilgrim fathers\u2019 original port of departure Delfshaven, the Euromast and the Erasmus bridge. These are just a few examples of all your group will see.<\/p>\r\n\r\n\r\n\r\n<div class=\"wp-block-button\"><a class=\"wp-block-button__link has-background has-vivid-green-cyan-background-color\" href=\"https:\/\/www.htgservices.nl\/de\/contact\/\">ANFRAGEN<\/a><\/div>\r\n\r\n\r\n<hr class=\"wp-block-separator\" \/>\r\n\r\n\r\n<p><strong>The Hague<\/strong><br \/>The Dutch government is based in the city of The Hague and also the offices of our king can be found within its city boundaries. During this royal coach tour, our guide will take your group past all the highlights of the city. The parliament buildings, beach town Scheveningen, the Peace Palace, the Prisonersgate and the Mauritshuis are just a few examples of these highlights. During the tour you will make several stops to have a closer look at these monuments. A prolonged stop is made at the peace palace where a 45-minute break is made to the visitors centre to learn about the Palace and its institutions through a short movie and a contemporary exhibition.<\/p>\r\n\r\n\r\n\r\n<div class=\"wp-block-button\"><a class=\"wp-block-button__link has-background has-vivid-green-cyan-background-color\" href=\"https:\/\/www.htgservices.nl\/de\/contact\/\">ANFRAGEN<\/a><\/div>\r\n\r\n\r\n<hr class=\"wp-block-separator\" \/>\r\n\r\n\r\n<p>&nbsp;<\/p>","protected":false},"excerpt":{"rendered":"<p>Alkmaar The most important sights that your private guide will show are the public weighing house, home to the weekly cheesemarket on Fridays during the summer (april \u2013 first Friday September), Saint Lauren Church and the pretty 16th century constructed town hall. House with the bullet is a wooden building from the 16th century with&hellip;&nbsp;<a href=\"https:\/\/www.htgservices.nl\/de\/tours-3\/\" class=\"\" rel=\"bookmark\">Weiterlesen &raquo;<span class=\"screen-reader-text\">Reisen<\/span><\/a><\/p>","protected":false},"author":3,"featured_media":0,"parent":0,"menu_order":0,"comment_status":"closed","ping_status":"closed","template":"","meta":{"_monsterinsights_skip_tracking":false,"_monsterinsights_sitenote_active":false,"_monsterinsights_sitenote_note":"","_monsterinsights_sitenote_category":0,"neve_meta_sidebar":"","neve_meta_container":"","neve_meta_enable_content_width":"off","neve_meta_content_width":100,"neve_meta_title_alignment":"","neve_meta_author_avatar":"","neve_post_elements_order":"","neve_meta_disable_header":"","neve_meta_disable_footer":"","neve_meta_disable_title":"","footnotes":""},"class_list":["post-1225","page","type-page","status-publish","hentry"],"_links":{"self":[{"href":"https:\/\/www.htgservices.nl\/de\/wp-json\/wp\/v2\/pages\/1225","targetHints":{"allow":["GET"]}}],"collection":[{"href":"https:\/\/www.htgservices.nl\/de\/wp-json\/wp\/v2\/pages"}],"about":[{"href":"https:\/\/www.htgservices.nl\/de\/wp-json\/wp\/v2\/types\/page"}],"author":[{"embeddable":true,"href":"https:\/\/www.htgservices.nl\/de\/wp-json\/wp\/v2\/users\/3"}],"replies":[{"embeddable":true,"href":"https:\/\/www.htgservices.nl\/de\/wp-json\/wp\/v2\/comments?post=1225"}],"version-history":[{"count":29,"href":"https:\/\/www.htgservices.nl\/de\/wp-json\/wp\/v2\/pages\/1225\/revisions"}],"predecessor-version":[{"id":1996,"href":"https:\/\/www.htgservices.nl\/de\/wp-json\/wp\/v2\/pages\/1225\/revisions\/1996"}],"wp:attachment":[{"href":"https:\/\/www.htgservices.nl\/de\/wp-json\/wp\/v2\/media?parent=1225"}],"curies":[{"name":"wp","href":"https:\/\/api.w.org\/{rel}","templated":true}]}}