{"id":1098,"date":"2021-06-15T11:45:37","date_gmt":"2021-06-15T11:45:37","guid":{"rendered":"http:\/\/www.htgservices.nl\/?page_id=1098"},"modified":"2021-06-15T11:45:37","modified_gmt":"2021-06-15T11:45:37","slug":"den-bosch","status":"publish","type":"page","link":"https:\/\/www.htgservices.nl\/de\/den-bosch\/","title":{"rendered":"Den Bosch"},"content":{"rendered":"<h2 class=\"has-luminous-vivid-orange-color has-text-color wp-block-heading\">Cultural city of the south<\/h2>\n\n\n\n<figure class=\"wp-block-gallery columns-3 is-cropped wp-block-gallery-1 is-layout-flex wp-block-gallery-is-layout-flex\"><ul class=\"blocks-gallery-grid\"><li class=\"blocks-gallery-item\"><figure><img decoding=\"async\" src=\"http:\/\/www.htgservices.nl\/wp-content\/uploads\/2021\/06\/Bosch-standbeeld-Markt-1024x531.jpg\" alt=\"\" data-id=\"1099\" data-link=\"http:\/\/www.htgservices.nl\/?attachment_id=1099#main\" class=\"wp-image-1099\"\/><\/figure><\/li><li class=\"blocks-gallery-item\"><figure><img decoding=\"async\" src=\"http:\/\/www.htgservices.nl\/wp-content\/uploads\/2021\/06\/BRETON-DenBosch_Citymarketing_cKarinJonkers069-1024x683.jpg\" alt=\"\" data-id=\"1100\" data-link=\"http:\/\/www.htgservices.nl\/?attachment_id=1100#main\" class=\"wp-image-1100\"\/><\/figure><\/li><li class=\"blocks-gallery-item\"><figure><img decoding=\"async\" src=\"http:\/\/www.htgservices.nl\/wp-content\/uploads\/2021\/06\/DenBosch_Citymarketing_cKarinJonkers094-bewerkt-1024x681.jpg\" alt=\"\" data-id=\"1101\" data-full-url=\"http:\/\/www.htgservices.nl\/wp-content\/uploads\/2021\/06\/DenBosch_Citymarketing_cKarinJonkers094-bewerkt-scaled.jpg\" data-link=\"http:\/\/www.htgservices.nl\/?attachment_id=1101#main\" class=\"wp-image-1101\"\/><\/figure><\/li><\/ul><\/figure>\n\n\n\n<p>Entdecken Sie die Kulturstadt im S\u00fcden in Begleitung eines Reisef\u00fchrers. Den Bosch ist eine wundersch\u00f6ne Festungsstadt voller Sehensw\u00fcrdigkeiten wie dem Rathaus und dem Mondriaan. Die Stadt mit ihren mittelalterlichen Geb\u00e4uden liegt oberhalb der Binnendieze (dem alten Wasserstra\u00dfensystem von Den Bosch). Sie besticht durch h\u00fcbsche H\u00e4user, gem\u00fctliche Stra\u00dfen, zahlreiche Caf\u00e9s und nette Gesch\u00e4fte. Neben den beeindruckenden Denkm\u00e4lern ist Den Bosch auch ein Zentrum f\u00fcr zeitgen\u00f6ssische Kunst und Hightech-Unternehmen. <\/p>\n\n\n\n<p>Our tour guide will be happy to accompany you in the language you requested. See our terms and conditions for the languages we can provide.<\/p>\n\n\n\n<h2 class=\"has-luminous-vivid-orange-color has-text-color wp-block-heading\">Complete your program with one or more of our suggestions<\/h2>\n\n\n\n<ul class=\"wp-block-list\"><li>Cruise on the Binnendieze<\/li><li>Visit St. Janskathedraal<\/li><li>Visit The Noordbrabants Museum<\/li><li>Visit the Jheronimus Bosch Art Center<\/li><\/ul>\n\n\n\n<div class=\"wp-block-button\"><a class=\"wp-block-button__link\" href=\"http:\/\/www.htgservices.nl\/de\/contact\/\">Request quotation<\/a><\/div>\n\n\n\n<p><\/p>","protected":false},"excerpt":{"rendered":"<p>Cultural city of the south Discover the cultural city of the south accompanied by a guide. It is a beautiful fortified city full of monuments such as the town hall and the Mondriaan. The city of medieval buildings above the Binnendieze (old system of waterways in Den Bosch). With beautiful houses, cozy streets, lots of&hellip;&nbsp;<a href=\"https:\/\/www.htgservices.nl\/de\/den-bosch\/\" class=\"\" rel=\"bookmark\">Weiterlesen &raquo;<span class=\"screen-reader-text\">Den Bosch<\/span><\/a><\/p>","protected":false},"author":3,"featured_media":0,"parent":0,"menu_order":0,"comment_status":"closed","ping_status":"closed","template":"","meta":{"_monsterinsights_skip_tracking":false,"_monsterinsights_sitenote_active":false,"_monsterinsights_sitenote_note":"","_monsterinsights_sitenote_category":0,"neve_meta_sidebar":"","neve_meta_container":"","neve_meta_enable_content_width":"","neve_meta_content_width":0,"neve_meta_title_alignment":"","neve_meta_author_avatar":"","neve_post_elements_order":"","neve_meta_disable_header":"","neve_meta_disable_footer":"","neve_meta_disable_title":"","footnotes":""},"class_list":["post-1098","page","type-page","status-publish","hentry"],"_links":{"self":[{"href":"https:\/\/www.htgservices.nl\/de\/wp-json\/wp\/v2\/pages\/1098","targetHints":{"allow":["GET"]}}],"collection":[{"href":"https:\/\/www.htgservices.nl\/de\/wp-json\/wp\/v2\/pages"}],"about":[{"href":"https:\/\/www.htgservices.nl\/de\/wp-json\/wp\/v2\/types\/page"}],"author":[{"embeddable":true,"href":"https:\/\/www.htgservices.nl\/de\/wp-json\/wp\/v2\/users\/3"}],"replies":[{"embeddable":true,"href":"https:\/\/www.htgservices.nl\/de\/wp-json\/wp\/v2\/comments?post=1098"}],"version-history":[{"count":1,"href":"https:\/\/www.htgservices.nl\/de\/wp-json\/wp\/v2\/pages\/1098\/revisions"}],"predecessor-version":[{"id":1102,"href":"https:\/\/www.htgservices.nl\/de\/wp-json\/wp\/v2\/pages\/1098\/revisions\/1102"}],"wp:attachment":[{"href":"https:\/\/www.htgservices.nl\/de\/wp-json\/wp\/v2\/media?parent=1098"}],"curies":[{"name":"wp","href":"https:\/\/api.w.org\/{rel}","templated":true}]}}